{"id":6097,"date":"2024-03-15T17:01:25","date_gmt":"2024-03-15T16:01:25","guid":{"rendered":"https:\/\/foreigner.com.pl\/for-business\/apostille\/"},"modified":"2025-10-22T12:27:47","modified_gmt":"2025-10-22T10:27:47","slug":"apostille","status":"publish","type":"page","link":"https:\/\/laut.com.pl\/en\/for-business\/apostille\/","title":{"rendered":"Apostille"},"content":{"rendered":"\t\t<div data-elementor-type=\"wp-page\" data-elementor-id=\"6097\" class=\"elementor elementor-6097 elementor-6069\" data-elementor-settings=\"{&quot;ha_cmc_init_switcher&quot;:&quot;no&quot;}\" data-elementor-post-type=\"page\">\n\t\t\t\t\t\t<section class=\"elementor-section elementor-top-section elementor-element elementor-element-187d313 elementor-section-full_width elementor-section-stretched elementor-section-height-default elementor-section-height-default\" data-id=\"187d313\" data-element_type=\"section\" data-e-type=\"section\" data-settings=\"{&quot;stretch_section&quot;:&quot;section-stretched&quot;,&quot;_ha_eqh_enable&quot;:false}\">\n\t\t\t\t\t\t<div class=\"elementor-container elementor-column-gap-default\">\n\t\t\t\t\t<div class=\"elementor-column elementor-col-100 elementor-top-column elementor-element elementor-element-b29e608\" data-id=\"b29e608\" data-element_type=\"column\" data-e-type=\"column\" data-settings=\"{&quot;background_background&quot;:&quot;classic&quot;}\">\n\t\t\t<div class=\"elementor-widget-wrap elementor-element-populated\">\n\t\t\t\t\t<div class=\"elementor-background-overlay\"><\/div>\n\t\t\t\t\t\t<div class=\"elementor-element elementor-element-a472101 elementor-widget elementor-widget-heading bdevs-el heading\" data-id=\"a472101\" data-element_type=\"widget\" data-e-type=\"widget\" data-settings=\"{&quot;design_style&quot;:&quot;style_1&quot;}\" data-widget_type=\"heading.default\">\n\t\t\t\t<div class=\"elementor-widget-container\">\n\t\t\t\t\t\r\n        \r\n                            <div class=\"section-title\">\r\n                    <h2 class=\"section-title bdevs-el-title\">APOSTILLE<\/h2>\r\n                                    <\/div>\r\n            \r\n        \t\t\t\t<\/div>\n\t\t\t\t<\/div>\n\t\t\t\t\t<\/div>\n\t\t<\/div>\n\t\t\t\t\t<\/div>\n\t\t<\/section>\n\t\t\t\t<section class=\"elementor-section elementor-top-section elementor-element elementor-element-8d0f78b elementor-reverse-mobile elementor-section-boxed elementor-section-height-default elementor-section-height-default\" data-id=\"8d0f78b\" data-element_type=\"section\" data-e-type=\"section\" data-settings=\"{&quot;_ha_eqh_enable&quot;:false}\">\n\t\t\t\t\t\t<div class=\"elementor-container elementor-column-gap-default\">\n\t\t\t\t\t<div class=\"elementor-column elementor-col-50 elementor-top-column elementor-element elementor-element-408c7c2\" data-id=\"408c7c2\" data-element_type=\"column\" data-e-type=\"column\">\n\t\t\t<div class=\"elementor-widget-wrap elementor-element-populated\">\n\t\t\t\t\t\t<div class=\"elementor-element elementor-element-ec13055 elementor-widget elementor-widget-shortcode\" data-id=\"ec13055\" data-element_type=\"widget\" data-e-type=\"widget\" data-widget_type=\"shortcode.default\">\n\t\t\t\t<div class=\"elementor-widget-container\">\n\t\t\t\t\t\t\t<div class=\"elementor-shortcode\"><nav id=\"bellows-main-40\" class=\"bellows bellows-nojs bellows-main bellows-source-menu bellows-align-full bellows-skin-vanilla bellows-type- bellows-expand-current\"><ul id=\"menu-dla-biznesu\" class=\"bellows-nav\" data-bellows-config=\"main\"><li id=\"menu-item-8181\" class=\"bellows-menu-item bellows-menu-item-type-post_type bellows-menu-item-object-page bellows-menu-item-8181 bellows-item-level-0\"><a  href=\"https:\/\/laut.com.pl\/dla-biznesu\/outsourcing-legalizacyjny-b2b\/\" class=\"bellows-target\"><span class=\"bellows-target-title bellows-target-text\">Outsourcing legalizacyjny B2B<\/span><\/a><\/li>\n<li id=\"menu-item-7688\" class=\"bellows-menu-item bellows-menu-item-type-post_type bellows-menu-item-object-page bellows-menu-item-7688 bellows-item-level-0\"><a  href=\"https:\/\/laut.com.pl\/dla-cudzoziemca\/legalizacja-pracy\/\" class=\"bellows-target\"><span class=\"bellows-target-title bellows-target-text\">Legalizacja pracy<\/span><\/a><\/li>\n<li id=\"menu-item-7689\" class=\"bellows-menu-item bellows-menu-item-type-post_type bellows-menu-item-object-page bellows-menu-item-7689 bellows-item-level-0\"><a  href=\"https:\/\/laut.com.pl\/dla-cudzoziemca\/legalizacja-pobytu\/\" class=\"bellows-target\"><span class=\"bellows-target-title bellows-target-text\">Legalizacja pobytu<\/span><\/a><\/li>\n<li id=\"menu-item-2231\" class=\"bellows-menu-item bellows-menu-item-type-post_type bellows-menu-item-object-page bellows-menu-item-2231 bellows-item-level-0\"><a  href=\"https:\/\/laut.com.pl\/dla-biznesu\/abonament\/\" class=\"bellows-target\"><span class=\"bellows-target-title bellows-target-text\">Abonament<\/span><\/a><\/li>\n<li id=\"menu-item-9085\" class=\"bellows-menu-item bellows-menu-item-type-post_type bellows-menu-item-object-page bellows-menu-item-9085 bellows-item-level-0\"><a  href=\"https:\/\/laut.com.pl\/dla-biznesu\/ubezpieczenie\/\" class=\"bellows-target\"><span class=\"bellows-target-title bellows-target-text\">Ubezpieczenie<\/span><\/a><\/li>\n<\/ul><\/nav><\/div>\n\t\t\t\t\t\t<\/div>\n\t\t\t\t<\/div>\n\t\t\t\t\t<\/div>\n\t\t<\/div>\n\t\t\t\t<div class=\"elementor-column elementor-col-50 elementor-top-column elementor-element elementor-element-7463ecd\" data-id=\"7463ecd\" data-element_type=\"column\" data-e-type=\"column\">\n\t\t\t<div class=\"elementor-widget-wrap elementor-element-populated\">\n\t\t\t\t\t\t<div class=\"elementor-element elementor-element-1356a58 elementor-widget elementor-widget-heading bdevs-el heading\" data-id=\"1356a58\" data-element_type=\"widget\" data-e-type=\"widget\" data-settings=\"{&quot;design_style&quot;:&quot;style_1&quot;}\" data-widget_type=\"heading.default\">\n\t\t\t\t<div class=\"elementor-widget-container\">\n\t\t\t\t\t\r\n        \r\n                            <div class=\"section-title\">\r\n                    <h3 class=\"section-title bdevs-el-title\">\u2023 Apostille<\/h3>\r\n                                    <\/div>\r\n            \r\n        \t\t\t\t<\/div>\n\t\t\t\t<\/div>\n\t\t\t\t<div class=\"elementor-element elementor-element-e7af5cc elementor-widget-divider--view-line elementor-widget elementor-widget-divider\" data-id=\"e7af5cc\" data-element_type=\"widget\" data-e-type=\"widget\" data-widget_type=\"divider.default\">\n\t\t\t\t<div class=\"elementor-widget-container\">\n\t\t\t\t\t\t\t<div class=\"elementor-divider\">\n\t\t\t<span class=\"elementor-divider-separator\">\n\t\t\t\t\t\t<\/span>\n\t\t<\/div>\n\t\t\t\t\t\t<\/div>\n\t\t\t\t<\/div>\n\t\t\t\t<div class=\"elementor-element elementor-element-23d18bb elementor-widget elementor-widget-text-editor\" data-id=\"23d18bb\" data-element_type=\"widget\" data-e-type=\"widget\" data-widget_type=\"text-editor.default\">\n\t\t\t\t<div class=\"elementor-widget-container\">\n\t\t\t\t\t\t\t\t\t<p>Apostille to oficjalna forma legalizacji dokument\u00f3w, kt\u00f3ra umo\u017cliwia ich akceptacj\u0119 w innym pa\u0144stwie, b\u0119d\u0105cym stron\u0105 Konwencji Haskiej z 5 pa\u017adziernika 1961 roku, eliminuj\u0105c potrzeb\u0119 podw\u00f3jnej legalizacji. Celem Apostille jest uproszczenie procesu weryfikacji dokument\u00f3w mi\u0119dzynarodowych, co jest szczeg\u00f3lnie wa\u017cne w transakcjach handlowych, sprawach prawnych oraz przy sprawach osobistych, takich jak \u015blub za granic\u0105, adopcja, praca czy nauka.<\/p><p>Apostille jest uznawana i wydawana przez Polsk\u0119 oraz ponad 120 innych pa\u0144stw.<\/p><p>Apostille jest wydawana w jednolitym formacie. W Polsce ma posta\u0107 zadrukowanej naklejki, z odr\u0119cznym podpisem urz\u0119dnika, piecz\u0119ci\u0105 urz\u0119dow\u0105 i hologramem.<\/p><p>Apostille wydawana jest na wniosek posiadacza dokumentu.<\/p><p>W Polsce nadaje si\u0119 j\u0105 na polskich dokumentach urz\u0119dowych w postaci papierowej lub na pismach zawieraj\u0105cych urz\u0119dowe po\u015bwiadczenia. \u00a0<\/p><p>Niekt\u00f3re dokumenty przed nadaniem apostille w MSZ mog\u0105 wymaga\u0107 dodatkowego uwierzytelnienia.<\/p><p>W tych pa\u0144stwach, kt\u00f3re uznaj\u0105 apostille. dokument opatrzony apostille nie wymaga \u017cadnych innych uwierzytelnie\u0144 dla wykazania urz\u0119dowego charakteru.<\/p><p>Organy pa\u0144stw cz\u0142onkowskich UE nie mog\u0105 wymaga\u0107 apostille na niekt\u00f3rych dokumentach wydanych w innym pa\u0144stwie UE. Dotyczy to dokument\u00f3w odnosz\u0105cych si\u0119 do: urodzenia, zgonu, pozostawania przy \u017cyciu, imienia i nazwiska, ma\u0142\u017ce\u0144stwa (r\u00f3wnie\u017c zdolno\u015bci do zawarcia ma\u0142\u017ce\u0144stwa oraz stanu cywilnego), rozwodu, separacji lub uniewa\u017cnienia ma\u0142\u017ce\u0144stwa, pochodzenia dziecka, przysposobienia, miejsca zamieszkania lub miejsca pobytu, obywatelstwa czy braku wpisu w rejestrze karnym.<\/p>\t\t\t\t\t\t\t\t<\/div>\n\t\t\t\t<\/div>\n\t\t\t\t\t<\/div>\n\t\t<\/div>\n\t\t\t\t\t<\/div>\n\t\t<\/section>\n\t\t\t\t<section class=\"elementor-section elementor-top-section elementor-element elementor-element-82530fa elementor-section-full_width elementor-section-height-default elementor-section-height-default\" data-id=\"82530fa\" data-element_type=\"section\" data-e-type=\"section\" data-settings=\"{&quot;background_background&quot;:&quot;classic&quot;,&quot;_ha_eqh_enable&quot;:false}\">\n\t\t\t\t\t\t<div class=\"elementor-container elementor-column-gap-no\">\n\t\t\t\t\t<div class=\"elementor-column elementor-col-100 elementor-top-column elementor-element elementor-element-03dec10\" data-id=\"03dec10\" data-element_type=\"column\" data-e-type=\"column\">\n\t\t\t<div class=\"elementor-widget-wrap elementor-element-populated\">\n\t\t\t\t\t\t<div class=\"elementor-element elementor-element-dc4a8ab elementor-widget elementor-widget-cta bdevs-el cta\" data-id=\"dc4a8ab\" data-element_type=\"widget\" data-e-type=\"widget\" data-settings=\"{&quot;design_style&quot;:&quot;style_2&quot;}\" data-widget_type=\"cta.default\">\n\t\t\t\t<div class=\"elementor-widget-container\">\n\t\t\t\t\t\r\n        \r\n            <div class=\"cta-area \">\r\n                <div class=\"container\">\r\n                    <div class=\"row\">\r\n                        <div class=\"col-xl-8 col-lg-9 col-md-8\">\r\n                            <div class=\"cta-text\">\r\n                                                                    <h2 class=\"bdevs-el-title\">Jeste\u015b zainteresowany us\u0142ug\u0105?<\/h2>\r\n                                                            <\/div>\r\n                        <\/div>\r\n                        <div class=\"col-xl-4 col-lg-3 col-md-4\">\r\n                            <div class=\"cta-button text-md-right\">\r\n                                                                        <a class=\"btn white-btn bdevs-el-btn\" href=\"\/kontakt\/\">SKONTAKTUJ SI\u0118 <span><i class=\"bdevs-btn-icon far fa-long-arrow-right\" aria-hidden=\"true\"><\/i><\/span><\/a>\r\n                                                            <\/div>\r\n                        <\/div>\r\n                    <\/div>\r\n                <\/div>\r\n            <\/div>\r\n\r\n        \t\t\t\t<\/div>\n\t\t\t\t<\/div>\n\t\t\t\t\t<\/div>\n\t\t<\/div>\n\t\t\t\t\t<\/div>\n\t\t<\/section>\n\t\t\t\t<\/div>\n\t\t","protected":false},"excerpt":{"rendered":"<p>APOSTILLE \u2023 Apostille Apostille to oficjalna forma legalizacji dokument\u00f3w, kt\u00f3ra umo\u017cliwia ich akceptacj\u0119 w innym pa\u0144stwie, b\u0119d\u0105cym stron\u0105 Konwencji Haskiej z 5 pa\u017adziernika 1961 roku, eliminuj\u0105c potrzeb\u0119 podw\u00f3jnej legalizacji. Celem Apostille jest uproszczenie procesu weryfikacji dokument\u00f3w mi\u0119dzynarodowych, co jest szczeg\u00f3lnie wa\u017cne w transakcjach handlowych, sprawach prawnych oraz przy sprawach osobistych, takich jak \u015blub za granic\u0105, [&hellip;]<\/p>\n","protected":false},"author":1,"featured_media":8840,"parent":3793,"menu_order":0,"comment_status":"closed","ping_status":"closed","template":"elementor_header_footer","meta":{"footnotes":""},"categories":[],"tags":[],"class_list":["post-6097","page","type-page","status-publish","has-post-thumbnail","hentry"],"acf":[],"yoast_head":"<!-- This site is optimized with the Yoast SEO plugin v27.3 - https:\/\/yoast.com\/product\/yoast-seo-wordpress\/ -->\n<title>Apostille - Laut<\/title>\n<meta name=\"robots\" content=\"index, follow, max-snippet:-1, max-image-preview:large, max-video-preview:-1\" \/>\n<link rel=\"canonical\" href=\"https:\/\/laut.com.pl\/en\/for-business\/apostille\/\" \/>\n<meta name=\"twitter:card\" content=\"summary_large_image\" \/>\n<meta name=\"twitter:title\" content=\"Apostille - Laut\" \/>\n<meta name=\"twitter:description\" content=\"APOSTILLE \u2023 Apostille Apostille to oficjalna forma legalizacji dokument\u00f3w, kt\u00f3ra umo\u017cliwia ich akceptacj\u0119 w innym pa\u0144stwie, b\u0119d\u0105cym stron\u0105 Konwencji Haskiej z 5 pa\u017adziernika 1961 roku, eliminuj\u0105c potrzeb\u0119 podw\u00f3jnej legalizacji. Celem Apostille jest uproszczenie procesu weryfikacji dokument\u00f3w mi\u0119dzynarodowych, co jest szczeg\u00f3lnie wa\u017cne w transakcjach handlowych, sprawach prawnych oraz przy sprawach osobistych, takich jak \u015blub za granic\u0105, [&hellip;]\" \/>\n<meta name=\"twitter:image\" content=\"https:\/\/laut.com.pl\/wp-content\/uploads\/2025\/10\/fav-icon-laut.jpg\" \/>\n<meta name=\"twitter:label1\" content=\"Est. reading time\" \/>\n\t<meta name=\"twitter:data1\" content=\"5 minutes\" \/>\n<script type=\"application\/ld+json\" class=\"yoast-schema-graph\">{\"@context\":\"https:\\\/\\\/schema.org\",\"@graph\":[{\"@type\":\"WebPage\",\"@id\":\"https:\\\/\\\/laut.com.pl\\\/en\\\/for-business\\\/apostille\\\/\",\"url\":\"https:\\\/\\\/laut.com.pl\\\/en\\\/for-business\\\/apostille\\\/\",\"name\":\"Apostille - Laut\",\"isPartOf\":{\"@id\":\"https:\\\/\\\/laut.com.pl\\\/en\\\/#website\"},\"primaryImageOfPage\":{\"@id\":\"https:\\\/\\\/laut.com.pl\\\/en\\\/for-business\\\/apostille\\\/#primaryimage\"},\"image\":{\"@id\":\"https:\\\/\\\/laut.com.pl\\\/en\\\/for-business\\\/apostille\\\/#primaryimage\"},\"thumbnailUrl\":\"https:\\\/\\\/laut.com.pl\\\/wp-content\\\/uploads\\\/2025\\\/10\\\/fav-icon-laut.jpg\",\"datePublished\":\"2024-03-15T16:01:25+00:00\",\"dateModified\":\"2025-10-22T10:27:47+00:00\",\"breadcrumb\":{\"@id\":\"https:\\\/\\\/laut.com.pl\\\/en\\\/for-business\\\/apostille\\\/#breadcrumb\"},\"inLanguage\":\"en-US\",\"potentialAction\":[{\"@type\":\"ReadAction\",\"target\":[\"https:\\\/\\\/laut.com.pl\\\/en\\\/for-business\\\/apostille\\\/\"]}]},{\"@type\":\"ImageObject\",\"inLanguage\":\"en-US\",\"@id\":\"https:\\\/\\\/laut.com.pl\\\/en\\\/for-business\\\/apostille\\\/#primaryimage\",\"url\":\"https:\\\/\\\/laut.com.pl\\\/wp-content\\\/uploads\\\/2025\\\/10\\\/fav-icon-laut.jpg\",\"contentUrl\":\"https:\\\/\\\/laut.com.pl\\\/wp-content\\\/uploads\\\/2025\\\/10\\\/fav-icon-laut.jpg\",\"width\":500,\"height\":500,\"caption\":\"xr:d:DAF9oW2T0rM:14,j:5993584816389348864,t:24022318\"},{\"@type\":\"BreadcrumbList\",\"@id\":\"https:\\\/\\\/laut.com.pl\\\/en\\\/for-business\\\/apostille\\\/#breadcrumb\",\"itemListElement\":[{\"@type\":\"ListItem\",\"position\":1,\"name\":\"Strona g\u0142\u00f3wna\",\"item\":\"https:\\\/\\\/laut.com.pl\\\/en\\\/\"},{\"@type\":\"ListItem\",\"position\":2,\"name\":\"For business\",\"item\":\"https:\\\/\\\/laut.com.pl\\\/en\\\/dla-biznesu\\\/\"},{\"@type\":\"ListItem\",\"position\":3,\"name\":\"Apostille\"}]},{\"@type\":\"WebSite\",\"@id\":\"https:\\\/\\\/laut.com.pl\\\/en\\\/#website\",\"url\":\"https:\\\/\\\/laut.com.pl\\\/en\\\/\",\"name\":\"Laut\",\"description\":\"\",\"publisher\":{\"@id\":\"https:\\\/\\\/laut.com.pl\\\/en\\\/#organization\"},\"potentialAction\":[{\"@type\":\"SearchAction\",\"target\":{\"@type\":\"EntryPoint\",\"urlTemplate\":\"https:\\\/\\\/laut.com.pl\\\/en\\\/?s={search_term_string}\"},\"query-input\":{\"@type\":\"PropertyValueSpecification\",\"valueRequired\":true,\"valueName\":\"search_term_string\"}}],\"inLanguage\":\"en-US\"},{\"@type\":\"Organization\",\"@id\":\"https:\\\/\\\/laut.com.pl\\\/en\\\/#organization\",\"name\":\"Foreigner\",\"url\":\"https:\\\/\\\/laut.com.pl\\\/en\\\/\",\"logo\":{\"@type\":\"ImageObject\",\"inLanguage\":\"en-US\",\"@id\":\"https:\\\/\\\/laut.com.pl\\\/en\\\/#\\\/schema\\\/logo\\\/image\\\/\",\"url\":\"https:\\\/\\\/laut.com.pl\\\/wp-content\\\/uploads\\\/2025\\\/07\\\/logo-laut-przyciete.jpg\",\"contentUrl\":\"https:\\\/\\\/laut.com.pl\\\/wp-content\\\/uploads\\\/2025\\\/07\\\/logo-laut-przyciete.jpg\",\"width\":629,\"height\":268,\"caption\":\"Foreigner\"},\"image\":{\"@id\":\"https:\\\/\\\/laut.com.pl\\\/en\\\/#\\\/schema\\\/logo\\\/image\\\/\"}}]}<\/script>\n<!-- \/ Yoast SEO plugin. -->","yoast_head_json":{"title":"Apostille - Laut","robots":{"index":"index","follow":"follow","max-snippet":"max-snippet:-1","max-image-preview":"max-image-preview:large","max-video-preview":"max-video-preview:-1"},"canonical":"https:\/\/laut.com.pl\/en\/for-business\/apostille\/","twitter_card":"summary_large_image","twitter_title":"Apostille - Laut","twitter_description":"APOSTILLE \u2023 Apostille Apostille to oficjalna forma legalizacji dokument\u00f3w, kt\u00f3ra umo\u017cliwia ich akceptacj\u0119 w innym pa\u0144stwie, b\u0119d\u0105cym stron\u0105 Konwencji Haskiej z 5 pa\u017adziernika 1961 roku, eliminuj\u0105c potrzeb\u0119 podw\u00f3jnej legalizacji. Celem Apostille jest uproszczenie procesu weryfikacji dokument\u00f3w mi\u0119dzynarodowych, co jest szczeg\u00f3lnie wa\u017cne w transakcjach handlowych, sprawach prawnych oraz przy sprawach osobistych, takich jak \u015blub za granic\u0105, [&hellip;]","twitter_image":"https:\/\/laut.com.pl\/wp-content\/uploads\/2025\/10\/fav-icon-laut.jpg","twitter_misc":{"Est. reading time":"5 minutes"},"schema":{"@context":"https:\/\/schema.org","@graph":[{"@type":"WebPage","@id":"https:\/\/laut.com.pl\/en\/for-business\/apostille\/","url":"https:\/\/laut.com.pl\/en\/for-business\/apostille\/","name":"Apostille - Laut","isPartOf":{"@id":"https:\/\/laut.com.pl\/en\/#website"},"primaryImageOfPage":{"@id":"https:\/\/laut.com.pl\/en\/for-business\/apostille\/#primaryimage"},"image":{"@id":"https:\/\/laut.com.pl\/en\/for-business\/apostille\/#primaryimage"},"thumbnailUrl":"https:\/\/laut.com.pl\/wp-content\/uploads\/2025\/10\/fav-icon-laut.jpg","datePublished":"2024-03-15T16:01:25+00:00","dateModified":"2025-10-22T10:27:47+00:00","breadcrumb":{"@id":"https:\/\/laut.com.pl\/en\/for-business\/apostille\/#breadcrumb"},"inLanguage":"en-US","potentialAction":[{"@type":"ReadAction","target":["https:\/\/laut.com.pl\/en\/for-business\/apostille\/"]}]},{"@type":"ImageObject","inLanguage":"en-US","@id":"https:\/\/laut.com.pl\/en\/for-business\/apostille\/#primaryimage","url":"https:\/\/laut.com.pl\/wp-content\/uploads\/2025\/10\/fav-icon-laut.jpg","contentUrl":"https:\/\/laut.com.pl\/wp-content\/uploads\/2025\/10\/fav-icon-laut.jpg","width":500,"height":500,"caption":"xr:d:DAF9oW2T0rM:14,j:5993584816389348864,t:24022318"},{"@type":"BreadcrumbList","@id":"https:\/\/laut.com.pl\/en\/for-business\/apostille\/#breadcrumb","itemListElement":[{"@type":"ListItem","position":1,"name":"Strona g\u0142\u00f3wna","item":"https:\/\/laut.com.pl\/en\/"},{"@type":"ListItem","position":2,"name":"For business","item":"https:\/\/laut.com.pl\/en\/dla-biznesu\/"},{"@type":"ListItem","position":3,"name":"Apostille"}]},{"@type":"WebSite","@id":"https:\/\/laut.com.pl\/en\/#website","url":"https:\/\/laut.com.pl\/en\/","name":"Laut","description":"","publisher":{"@id":"https:\/\/laut.com.pl\/en\/#organization"},"potentialAction":[{"@type":"SearchAction","target":{"@type":"EntryPoint","urlTemplate":"https:\/\/laut.com.pl\/en\/?s={search_term_string}"},"query-input":{"@type":"PropertyValueSpecification","valueRequired":true,"valueName":"search_term_string"}}],"inLanguage":"en-US"},{"@type":"Organization","@id":"https:\/\/laut.com.pl\/en\/#organization","name":"Foreigner","url":"https:\/\/laut.com.pl\/en\/","logo":{"@type":"ImageObject","inLanguage":"en-US","@id":"https:\/\/laut.com.pl\/en\/#\/schema\/logo\/image\/","url":"https:\/\/laut.com.pl\/wp-content\/uploads\/2025\/07\/logo-laut-przyciete.jpg","contentUrl":"https:\/\/laut.com.pl\/wp-content\/uploads\/2025\/07\/logo-laut-przyciete.jpg","width":629,"height":268,"caption":"Foreigner"},"image":{"@id":"https:\/\/laut.com.pl\/en\/#\/schema\/logo\/image\/"}}]}},"_links":{"self":[{"href":"https:\/\/laut.com.pl\/en\/wp-json\/wp\/v2\/pages\/6097","targetHints":{"allow":["GET"]}}],"collection":[{"href":"https:\/\/laut.com.pl\/en\/wp-json\/wp\/v2\/pages"}],"about":[{"href":"https:\/\/laut.com.pl\/en\/wp-json\/wp\/v2\/types\/page"}],"author":[{"embeddable":true,"href":"https:\/\/laut.com.pl\/en\/wp-json\/wp\/v2\/users\/1"}],"replies":[{"embeddable":true,"href":"https:\/\/laut.com.pl\/en\/wp-json\/wp\/v2\/comments?post=6097"}],"version-history":[{"count":21,"href":"https:\/\/laut.com.pl\/en\/wp-json\/wp\/v2\/pages\/6097\/revisions"}],"predecessor-version":[{"id":8845,"href":"https:\/\/laut.com.pl\/en\/wp-json\/wp\/v2\/pages\/6097\/revisions\/8845"}],"up":[{"embeddable":true,"href":"https:\/\/laut.com.pl\/en\/wp-json\/wp\/v2\/pages\/3793"}],"wp:featuredmedia":[{"embeddable":true,"href":"https:\/\/laut.com.pl\/en\/wp-json\/wp\/v2\/media\/8840"}],"wp:attachment":[{"href":"https:\/\/laut.com.pl\/en\/wp-json\/wp\/v2\/media?parent=6097"}],"wp:term":[{"taxonomy":"category","embeddable":true,"href":"https:\/\/laut.com.pl\/en\/wp-json\/wp\/v2\/categories?post=6097"},{"taxonomy":"post_tag","embeddable":true,"href":"https:\/\/laut.com.pl\/en\/wp-json\/wp\/v2\/tags?post=6097"}],"curies":[{"name":"wp","href":"https:\/\/api.w.org\/{rel}","templated":true}]}}