{"id":6117,"date":"2024-03-15T16:26:01","date_gmt":"2024-03-15T15:26:01","guid":{"rendered":"https:\/\/foreigner.com.pl\/for-a-foreigner\/kurs-jezyka-polskiego-b1-b2\/"},"modified":"2025-08-22T13:47:23","modified_gmt":"2025-08-22T11:47:23","slug":"polish-language-course-b1-b2","status":"publish","type":"page","link":"https:\/\/laut.com.pl\/en\/for-a-foreigner\/polish-language-course-b1-b2\/","title":{"rendered":"Polish language course"},"content":{"rendered":"\t\t<div data-elementor-type=\"wp-page\" data-elementor-id=\"6117\" class=\"elementor elementor-6117 elementor-6043\" data-elementor-settings=\"{&quot;ha_cmc_init_switcher&quot;:&quot;no&quot;}\" data-elementor-post-type=\"page\">\n\t\t\t\t\t\t<section class=\"elementor-section elementor-top-section elementor-element elementor-element-187d313 elementor-section-full_width elementor-section-stretched elementor-section-height-default elementor-section-height-default\" data-id=\"187d313\" data-element_type=\"section\" data-e-type=\"section\" data-settings=\"{&quot;stretch_section&quot;:&quot;section-stretched&quot;,&quot;_ha_eqh_enable&quot;:false}\">\n\t\t\t\t\t\t<div class=\"elementor-container elementor-column-gap-default\">\n\t\t\t\t\t<div class=\"elementor-column elementor-col-100 elementor-top-column elementor-element elementor-element-b29e608\" data-id=\"b29e608\" data-element_type=\"column\" data-e-type=\"column\" data-settings=\"{&quot;background_background&quot;:&quot;classic&quot;}\">\n\t\t\t<div class=\"elementor-widget-wrap elementor-element-populated\">\n\t\t\t\t\t<div class=\"elementor-background-overlay\"><\/div>\n\t\t\t\t\t\t<div class=\"elementor-element elementor-element-a472101 elementor-widget elementor-widget-heading bdevs-el heading\" data-id=\"a472101\" data-element_type=\"widget\" data-e-type=\"widget\" data-settings=\"{&quot;design_style&quot;:&quot;style_1&quot;}\" data-widget_type=\"heading.default\">\n\t\t\t\t<div class=\"elementor-widget-container\">\n\t\t\t\t\t\r\n        \r\n                            <div class=\"section-title\">\r\n                    <h2 class=\"section-title bdevs-el-title\">Polish language course<\/h2>\r\n                                    <\/div>\r\n            \r\n        \t\t\t\t<\/div>\n\t\t\t\t<\/div>\n\t\t\t\t\t<\/div>\n\t\t<\/div>\n\t\t\t\t\t<\/div>\n\t\t<\/section>\n\t\t\t\t<section class=\"elementor-section elementor-top-section elementor-element elementor-element-8d0f78b elementor-reverse-mobile elementor-section-boxed elementor-section-height-default elementor-section-height-default\" data-id=\"8d0f78b\" data-element_type=\"section\" data-e-type=\"section\" data-settings=\"{&quot;_ha_eqh_enable&quot;:false}\">\n\t\t\t\t\t\t<div class=\"elementor-container elementor-column-gap-default\">\n\t\t\t\t\t<div class=\"elementor-column elementor-col-50 elementor-top-column elementor-element elementor-element-408c7c2\" data-id=\"408c7c2\" data-element_type=\"column\" data-e-type=\"column\">\n\t\t\t<div class=\"elementor-widget-wrap elementor-element-populated\">\n\t\t\t\t\t\t<div class=\"elementor-element elementor-element-ec13055 elementor-widget elementor-widget-shortcode\" data-id=\"ec13055\" data-element_type=\"widget\" data-e-type=\"widget\" data-widget_type=\"shortcode.default\">\n\t\t\t\t<div class=\"elementor-widget-container\">\n\t\t\t\t\t\t\t<div class=\"elementor-shortcode\"><nav id=\"bellows-main-39\" class=\"bellows bellows-nojs bellows-main bellows-source-menu bellows-align-full bellows-skin-vanilla bellows-type- bellows-expand-current\"><ul id=\"menu-dla-cudzoziemcow\" class=\"bellows-nav\" data-bellows-config=\"main\"><li id=\"menu-item-5771\" class=\"bellows-menu-item bellows-menu-item-type-post_type bellows-menu-item-object-page bellows-menu-item-5771 bellows-item-level-0\"><a  href=\"https:\/\/laut.com.pl\/dla-cudzoziemca\/legalizacja-pobytu\/\" class=\"bellows-target\"><span class=\"bellows-target-title bellows-target-text\">Legalizacja pobytu<\/span><\/a><\/li>\n<li id=\"menu-item-2155\" class=\"bellows-menu-item bellows-menu-item-type-post_type bellows-menu-item-object-page bellows-menu-item-2155 bellows-item-level-0\"><a  href=\"https:\/\/laut.com.pl\/dla-cudzoziemca\/legalizacja-pracy\/\" class=\"bellows-target\"><span class=\"bellows-target-title bellows-target-text\">Legalizacja pracy<\/span><\/a><\/li>\n<li id=\"menu-item-2146\" class=\"bellows-menu-item bellows-menu-item-type-post_type bellows-menu-item-object-page bellows-menu-item-2146 bellows-item-level-0\"><a  href=\"https:\/\/laut.com.pl\/dla-cudzoziemca\/karta-polaka\/\" class=\"bellows-target\"><span class=\"bellows-target-title bellows-target-text\">Karta Polaka<\/span><\/a><\/li>\n<li id=\"menu-item-8225\" class=\"bellows-menu-item bellows-menu-item-type-post_type bellows-menu-item-object-page bellows-menu-item-8225 bellows-item-level-0\"><a  href=\"https:\/\/laut.com.pl\/dla-cudzoziemca\/zaproszenie\/\" class=\"bellows-target\"><span class=\"bellows-target-title bellows-target-text\">Zaproszenie<\/span><\/a><\/li>\n<li id=\"menu-item-2147\" class=\"bellows-menu-item bellows-menu-item-type-post_type bellows-menu-item-object-page bellows-menu-item-2147 bellows-item-level-0\"><a  href=\"https:\/\/laut.com.pl\/dla-cudzoziemca\/obywatelstwo-polskie\/\" class=\"bellows-target\"><span class=\"bellows-target-title bellows-target-text\">Obywatelstwo polskie<\/span><\/a><\/li>\n<li id=\"menu-item-8203\" class=\"bellows-menu-item bellows-menu-item-type-post_type bellows-menu-item-object-page bellows-menu-item-8203 bellows-item-level-0\"><a  href=\"https:\/\/laut.com.pl\/dla-cudzoziemca\/wiza\/\" class=\"bellows-target\"><span class=\"bellows-target-title bellows-target-text\">Wiza<\/span><\/a><\/li>\n<li id=\"menu-item-6143\" class=\"bellows-menu-item bellows-menu-item-type-post_type bellows-menu-item-object-page bellows-menu-item-6143 bellows-item-level-0\"><a  href=\"https:\/\/laut.com.pl\/dla-cudzoziemca\/apostille\/\" class=\"bellows-target\"><span class=\"bellows-target-title bellows-target-text\">Apostille<\/span><\/a><\/li>\n<li id=\"menu-item-2152\" class=\"bellows-menu-item bellows-menu-item-type-post_type bellows-menu-item-object-page bellows-menu-item-2152 bellows-item-level-0\"><a  href=\"https:\/\/laut.com.pl\/dla-cudzoziemca\/wymiana-prawa-jazdy\/\" class=\"bellows-target\"><span class=\"bellows-target-title bellows-target-text\">Wymiana prawa jazdy<\/span><\/a><\/li>\n<li id=\"menu-item-2148\" class=\"bellows-menu-item bellows-menu-item-type-post_type bellows-menu-item-object-page bellows-menu-item-2148 bellows-item-level-0\"><a  href=\"https:\/\/laut.com.pl\/dla-cudzoziemca\/nadanie-numeru-pesel\/\" class=\"bellows-target\"><span class=\"bellows-target-title bellows-target-text\">Nadanie numeru PESEL<\/span><\/a><\/li>\n<li id=\"menu-item-8216\" class=\"bellows-menu-item bellows-menu-item-type-post_type bellows-menu-item-object-page bellows-menu-item-8216 bellows-item-level-0\"><a  href=\"https:\/\/laut.com.pl\/dla-cudzoziemca\/zakladanie-firmy\/\" class=\"bellows-target\"><span class=\"bellows-target-title bellows-target-text\">Zak\u0142adanie firmy<\/span><\/a><\/li>\n<li id=\"menu-item-6144\" class=\"bellows-menu-item bellows-menu-item-type-post_type bellows-menu-item-object-page bellows-menu-item-6144 bellows-item-level-0\"><a  href=\"https:\/\/laut.com.pl\/dla-cudzoziemca\/kurs-jezyka-polskiego-a1-a2-b1-b2\/\" class=\"bellows-target\"><span class=\"bellows-target-title bellows-target-text\">Kurs j\u0119zyka polskiego<\/span><\/a><\/li>\n<li id=\"menu-item-8193\" class=\"bellows-menu-item bellows-menu-item-type-post_type bellows-menu-item-object-page bellows-menu-item-8193 bellows-item-level-0\"><a  href=\"https:\/\/laut.com.pl\/dla-cudzoziemca\/tlumaczenie-dokumentow\/\" class=\"bellows-target\"><span class=\"bellows-target-title bellows-target-text\">T\u0142umaczenie dokument\u00f3w<\/span><\/a><\/li>\n<li id=\"menu-item-9089\" class=\"bellows-menu-item bellows-menu-item-type-post_type bellows-menu-item-object-page bellows-menu-item-9089 bellows-item-level-0\"><a  href=\"https:\/\/laut.com.pl\/dla-cudzoziemca\/ubezpieczenie\/\" class=\"bellows-target\"><span class=\"bellows-target-title bellows-target-text\">Ubezpieczenie<\/span><\/a><\/li>\n<\/ul><\/nav><\/div>\n\t\t\t\t\t\t<\/div>\n\t\t\t\t<\/div>\n\t\t\t\t\t<\/div>\n\t\t<\/div>\n\t\t\t\t<div class=\"elementor-column elementor-col-50 elementor-top-column elementor-element elementor-element-7463ecd\" data-id=\"7463ecd\" data-element_type=\"column\" data-e-type=\"column\">\n\t\t\t<div class=\"elementor-widget-wrap elementor-element-populated\">\n\t\t\t\t\t\t<div class=\"elementor-element elementor-element-1356a58 elementor-widget elementor-widget-heading bdevs-el heading\" data-id=\"1356a58\" data-element_type=\"widget\" data-e-type=\"widget\" data-settings=\"{&quot;design_style&quot;:&quot;style_1&quot;}\" data-widget_type=\"heading.default\">\n\t\t\t\t<div class=\"elementor-widget-container\">\n\t\t\t\t\t\r\n        \r\n                            <div class=\"section-title\">\r\n                    <h3 class=\"section-title bdevs-el-title\">\u2023 Polish Language Courses for Foreigners<\/h3>\r\n                                    <\/div>\r\n            \r\n        \t\t\t\t<\/div>\n\t\t\t\t<\/div>\n\t\t\t\t<div class=\"elementor-element elementor-element-e7af5cc elementor-widget-divider--view-line elementor-widget elementor-widget-divider\" data-id=\"e7af5cc\" data-element_type=\"widget\" data-e-type=\"widget\" data-widget_type=\"divider.default\">\n\t\t\t\t<div class=\"elementor-widget-container\">\n\t\t\t\t\t\t\t<div class=\"elementor-divider\">\n\t\t\t<span class=\"elementor-divider-separator\">\n\t\t\t\t\t\t<\/span>\n\t\t<\/div>\n\t\t\t\t\t\t<\/div>\n\t\t\t\t<\/div>\n\t\t\t\t<div class=\"elementor-element elementor-element-23d18bb elementor-widget elementor-widget-text-editor\" data-id=\"23d18bb\" data-element_type=\"widget\" data-e-type=\"widget\" data-widget_type=\"text-editor.default\">\n\t\t\t\t<div class=\"elementor-widget-container\">\n\t\t\t\t\t\t\t\t\t<div><p>Laut offers <b>comprehensive Polish language courses<\/b> for foreigners, designed for teenagers and adults at all levels of proficiency, from <b>A1 (beginner)<\/b> to <b>B2 (intermediate)<\/b>. Our goal is to provide effective and practical learning, tailored to the individual needs of each student.<\/p><p><b>Individual Approach and Learning Methods<\/b><\/p><p>At the very beginning, we conduct an <b>assessment of your current language level<\/b> and set <b>individual learning goals<\/b>. The classes are fully <b>adapted to the student&#8217;s needs<\/b>, both in terms of content and didactic materials used.<\/p><p>Our approach emphasizes the <b>practical use of the language<\/b> in everyday situations. We focus on <b>communication<\/b>, developing key skills: speaking, listening comprehension, and social interactions.<\/p><p><b>Preparation for Official Procedures<\/b><\/p><p>We provide specialized preparation for exams and interviews required for legal and educational processes in Poland:<\/p><ul><li><p><b>Preparation for the <a href=\"https:\/\/laut.com.pl\/dla-cudzoziemca\/karta-polaka\/\">Pole&#8217;s Card<\/a><\/b>: We provide language and cultural preparation for meetings with a consul or state representative, practicing questions, vocabulary, and conducting conversation simulations.<\/p><\/li><li><p><b>B1 Level Exam<\/b>: We help you achieve the level required to apply for <a href=\"https:\/\/www.google.com\/search?q=https:\/\/laut.com.pl\/dla-cudzoziemca\/egzamin-na-poziomie-b1\/\"><b>EU long-term resident<\/b><\/a> status and for <a href=\"https:\/\/laut.com.pl\/dla-cudzoziemca\/obywatelstwo-polskie\/\"><b>obtaining Polish citizenship<\/b><\/a> by recognition.<\/p><\/li><li><p><b>B2 Level Exam<\/b>: We prepare for the exam, which is necessary to undertake <b>university studies in Poland<\/b>.<\/p><\/li><\/ul><p><b>Modern Platform and Additional Support<\/b><\/p><p>Classes take place on the innovative <b>Miro educational platform<\/b>, which, thanks to its virtual rooms, enables interactive, visual, and engaging work. We use <b>diverse materials<\/b>, such as:<\/p><ul><li><p>proprietary exercises<\/p><\/li><li><p>audio recordings<\/p><\/li><li><p>language games<\/p><\/li><li><p>authentic texts<\/p><\/li><li><p>thematic conversations<\/p><\/li><li><p>multimedia materials<\/p><\/li><\/ul><p>Additionally, every student can count on <b>support between classes<\/b>\u2014we offer the possibility of contact (chat\/e-mail) in case of questions or the need for additional clarification of the material. We regularly <b>check progress<\/b> with summaries, mini-tests, and review exercises, which allows us to monitor language development.<\/p><p>At Laut, we know that commitment and hard work always pay off! Thanks to our individualized approach, modern methods, and continuous support, <b>thorough learning guarantees good results<\/b>. If you put your heart into it, you&#8217;ll achieve your goal with us, and Polish will hold no secrets for you!<\/p><p>The phrase <b>&#8220;Chrz\u0105szcz brzmi w trzcinie w Szczebrzeszynie&#8221;<\/b> will soon roll off your tongue!<\/p><p><a href=\"https:\/\/laut.com.pl\/kontakt\/\"><b>Contact us!<\/b><\/a><\/p><\/div>\t\t\t\t\t\t\t\t<\/div>\n\t\t\t\t<\/div>\n\t\t\t\t\t<\/div>\n\t\t<\/div>\n\t\t\t\t\t<\/div>\n\t\t<\/section>\n\t\t\t\t<section class=\"elementor-section elementor-top-section elementor-element elementor-element-82530fa elementor-section-full_width elementor-section-height-default elementor-section-height-default\" data-id=\"82530fa\" data-element_type=\"section\" data-e-type=\"section\" data-settings=\"{&quot;background_background&quot;:&quot;classic&quot;,&quot;_ha_eqh_enable&quot;:false}\">\n\t\t\t\t\t\t<div class=\"elementor-container elementor-column-gap-no\">\n\t\t\t\t\t<div class=\"elementor-column elementor-col-100 elementor-top-column elementor-element elementor-element-03dec10\" data-id=\"03dec10\" data-element_type=\"column\" data-e-type=\"column\">\n\t\t\t<div class=\"elementor-widget-wrap elementor-element-populated\">\n\t\t\t\t\t\t<div class=\"elementor-element elementor-element-dc4a8ab elementor-widget elementor-widget-cta bdevs-el cta\" data-id=\"dc4a8ab\" data-element_type=\"widget\" data-e-type=\"widget\" data-settings=\"{&quot;design_style&quot;:&quot;style_2&quot;}\" data-widget_type=\"cta.default\">\n\t\t\t\t<div class=\"elementor-widget-container\">\n\t\t\t\t\t\r\n        \r\n            <div class=\"cta-area \">\r\n                <div class=\"container\">\r\n                    <div class=\"row\">\r\n                        <div class=\"col-xl-8 col-lg-9 col-md-8\">\r\n                            <div class=\"cta-text\">\r\n                                                                    <h2 class=\"bdevs-el-title\">Jeste\u015b zainteresowany us\u0142ug\u0105?<\/h2>\r\n                                                            <\/div>\r\n                        <\/div>\r\n                        <div class=\"col-xl-4 col-lg-3 col-md-4\">\r\n                            <div class=\"cta-button text-md-right\">\r\n                                                                        <a class=\"btn white-btn bdevs-el-btn\" href=\"\/kontakt\/\">SKONTAKTUJ SI\u0118 <span><i class=\"bdevs-btn-icon far fa-long-arrow-right\" aria-hidden=\"true\"><\/i><\/span><\/a>\r\n                                                            <\/div>\r\n                        <\/div>\r\n                    <\/div>\r\n                <\/div>\r\n            <\/div>\r\n\r\n        \t\t\t\t<\/div>\n\t\t\t\t<\/div>\n\t\t\t\t\t<\/div>\n\t\t<\/div>\n\t\t\t\t\t<\/div>\n\t\t<\/section>\n\t\t\t\t<\/div>\n\t\t","protected":false},"excerpt":{"rendered":"<p>Polish language course \u2023 Polish Language Courses for Foreigners Laut offers comprehensive Polish language courses for foreigners, designed for teenagers and adults at all levels of proficiency, from A1 (beginner) to B2 (intermediate). Our goal is to provide effective and practical learning, tailored to the individual needs of each student. Individual Approach and Learning Methods [&hellip;]<\/p>\n","protected":false},"author":1,"featured_media":8840,"parent":3787,"menu_order":0,"comment_status":"closed","ping_status":"closed","template":"elementor_header_footer","meta":{"footnotes":""},"categories":[],"tags":[],"class_list":["post-6117","page","type-page","status-publish","has-post-thumbnail","hentry"],"acf":[],"yoast_head":"<!-- This site is optimized with the Yoast SEO plugin v27.3 - https:\/\/yoast.com\/product\/yoast-seo-wordpress\/ -->\n<title>Polish language course - Laut<\/title>\n<meta name=\"robots\" content=\"index, follow, max-snippet:-1, max-image-preview:large, max-video-preview:-1\" \/>\n<link rel=\"canonical\" href=\"https:\/\/laut.com.pl\/en\/for-a-foreigner\/polish-language-course-b1-b2\/\" \/>\n<meta name=\"twitter:card\" content=\"summary_large_image\" \/>\n<meta name=\"twitter:title\" content=\"Polish language course - Laut\" \/>\n<meta name=\"twitter:description\" content=\"Polish language course \u2023 Polish Language Courses for Foreigners Laut offers comprehensive Polish language courses for foreigners, designed for teenagers and adults at all levels of proficiency, from A1 (beginner) to B2 (intermediate). Our goal is to provide effective and practical learning, tailored to the individual needs of each student. Individual Approach and Learning Methods [&hellip;]\" \/>\n<meta name=\"twitter:image\" content=\"https:\/\/laut.com.pl\/wp-content\/uploads\/2024\/03\/linki-zdjecie.jpg\" \/>\n<meta name=\"twitter:label1\" content=\"Est. reading time\" \/>\n\t<meta name=\"twitter:data1\" content=\"2 minutes\" \/>\n<script type=\"application\/ld+json\" class=\"yoast-schema-graph\">{\"@context\":\"https:\\\/\\\/schema.org\",\"@graph\":[{\"@type\":\"WebPage\",\"@id\":\"https:\\\/\\\/laut.com.pl\\\/en\\\/for-a-foreigner\\\/polish-language-course-b1-b2\\\/\",\"url\":\"https:\\\/\\\/laut.com.pl\\\/en\\\/for-a-foreigner\\\/polish-language-course-b1-b2\\\/\",\"name\":\"Polish language course - Laut\",\"isPartOf\":{\"@id\":\"https:\\\/\\\/laut.com.pl\\\/en\\\/#website\"},\"primaryImageOfPage\":{\"@id\":\"https:\\\/\\\/laut.com.pl\\\/en\\\/for-a-foreigner\\\/polish-language-course-b1-b2\\\/#primaryimage\"},\"image\":{\"@id\":\"https:\\\/\\\/laut.com.pl\\\/en\\\/for-a-foreigner\\\/polish-language-course-b1-b2\\\/#primaryimage\"},\"thumbnailUrl\":\"https:\\\/\\\/laut.com.pl\\\/wp-content\\\/uploads\\\/2025\\\/10\\\/fav-icon-laut.jpg\",\"datePublished\":\"2024-03-15T15:26:01+00:00\",\"dateModified\":\"2025-08-22T11:47:23+00:00\",\"breadcrumb\":{\"@id\":\"https:\\\/\\\/laut.com.pl\\\/en\\\/for-a-foreigner\\\/polish-language-course-b1-b2\\\/#breadcrumb\"},\"inLanguage\":\"en-US\",\"potentialAction\":[{\"@type\":\"ReadAction\",\"target\":[\"https:\\\/\\\/laut.com.pl\\\/en\\\/for-a-foreigner\\\/polish-language-course-b1-b2\\\/\"]}]},{\"@type\":\"ImageObject\",\"inLanguage\":\"en-US\",\"@id\":\"https:\\\/\\\/laut.com.pl\\\/en\\\/for-a-foreigner\\\/polish-language-course-b1-b2\\\/#primaryimage\",\"url\":\"https:\\\/\\\/laut.com.pl\\\/wp-content\\\/uploads\\\/2025\\\/10\\\/fav-icon-laut.jpg\",\"contentUrl\":\"https:\\\/\\\/laut.com.pl\\\/wp-content\\\/uploads\\\/2025\\\/10\\\/fav-icon-laut.jpg\",\"width\":500,\"height\":500,\"caption\":\"xr:d:DAF9oW2T0rM:14,j:5993584816389348864,t:24022318\"},{\"@type\":\"BreadcrumbList\",\"@id\":\"https:\\\/\\\/laut.com.pl\\\/en\\\/for-a-foreigner\\\/polish-language-course-b1-b2\\\/#breadcrumb\",\"itemListElement\":[{\"@type\":\"ListItem\",\"position\":1,\"name\":\"Strona g\u0142\u00f3wna\",\"item\":\"https:\\\/\\\/laut.com.pl\\\/en\\\/\"},{\"@type\":\"ListItem\",\"position\":2,\"name\":\"For a foreigner\",\"item\":\"https:\\\/\\\/laut.com.pl\\\/en\\\/dla-cudzoziemca\\\/\"},{\"@type\":\"ListItem\",\"position\":3,\"name\":\"Polish language course\"}]},{\"@type\":\"WebSite\",\"@id\":\"https:\\\/\\\/laut.com.pl\\\/en\\\/#website\",\"url\":\"https:\\\/\\\/laut.com.pl\\\/en\\\/\",\"name\":\"Laut\",\"description\":\"\",\"publisher\":{\"@id\":\"https:\\\/\\\/laut.com.pl\\\/en\\\/#organization\"},\"potentialAction\":[{\"@type\":\"SearchAction\",\"target\":{\"@type\":\"EntryPoint\",\"urlTemplate\":\"https:\\\/\\\/laut.com.pl\\\/en\\\/?s={search_term_string}\"},\"query-input\":{\"@type\":\"PropertyValueSpecification\",\"valueRequired\":true,\"valueName\":\"search_term_string\"}}],\"inLanguage\":\"en-US\"},{\"@type\":\"Organization\",\"@id\":\"https:\\\/\\\/laut.com.pl\\\/en\\\/#organization\",\"name\":\"Foreigner\",\"url\":\"https:\\\/\\\/laut.com.pl\\\/en\\\/\",\"logo\":{\"@type\":\"ImageObject\",\"inLanguage\":\"en-US\",\"@id\":\"https:\\\/\\\/laut.com.pl\\\/en\\\/#\\\/schema\\\/logo\\\/image\\\/\",\"url\":\"https:\\\/\\\/laut.com.pl\\\/wp-content\\\/uploads\\\/2025\\\/07\\\/logo-laut-przyciete.jpg\",\"contentUrl\":\"https:\\\/\\\/laut.com.pl\\\/wp-content\\\/uploads\\\/2025\\\/07\\\/logo-laut-przyciete.jpg\",\"width\":629,\"height\":268,\"caption\":\"Foreigner\"},\"image\":{\"@id\":\"https:\\\/\\\/laut.com.pl\\\/en\\\/#\\\/schema\\\/logo\\\/image\\\/\"}}]}<\/script>\n<!-- \/ Yoast SEO plugin. -->","yoast_head_json":{"title":"Polish language course - Laut","robots":{"index":"index","follow":"follow","max-snippet":"max-snippet:-1","max-image-preview":"max-image-preview:large","max-video-preview":"max-video-preview:-1"},"canonical":"https:\/\/laut.com.pl\/en\/for-a-foreigner\/polish-language-course-b1-b2\/","twitter_card":"summary_large_image","twitter_title":"Polish language course - Laut","twitter_description":"Polish language course \u2023 Polish Language Courses for Foreigners Laut offers comprehensive Polish language courses for foreigners, designed for teenagers and adults at all levels of proficiency, from A1 (beginner) to B2 (intermediate). Our goal is to provide effective and practical learning, tailored to the individual needs of each student. Individual Approach and Learning Methods [&hellip;]","twitter_image":"https:\/\/laut.com.pl\/wp-content\/uploads\/2024\/03\/linki-zdjecie.jpg","twitter_misc":{"Est. reading time":"2 minutes"},"schema":{"@context":"https:\/\/schema.org","@graph":[{"@type":"WebPage","@id":"https:\/\/laut.com.pl\/en\/for-a-foreigner\/polish-language-course-b1-b2\/","url":"https:\/\/laut.com.pl\/en\/for-a-foreigner\/polish-language-course-b1-b2\/","name":"Polish language course - Laut","isPartOf":{"@id":"https:\/\/laut.com.pl\/en\/#website"},"primaryImageOfPage":{"@id":"https:\/\/laut.com.pl\/en\/for-a-foreigner\/polish-language-course-b1-b2\/#primaryimage"},"image":{"@id":"https:\/\/laut.com.pl\/en\/for-a-foreigner\/polish-language-course-b1-b2\/#primaryimage"},"thumbnailUrl":"https:\/\/laut.com.pl\/wp-content\/uploads\/2025\/10\/fav-icon-laut.jpg","datePublished":"2024-03-15T15:26:01+00:00","dateModified":"2025-08-22T11:47:23+00:00","breadcrumb":{"@id":"https:\/\/laut.com.pl\/en\/for-a-foreigner\/polish-language-course-b1-b2\/#breadcrumb"},"inLanguage":"en-US","potentialAction":[{"@type":"ReadAction","target":["https:\/\/laut.com.pl\/en\/for-a-foreigner\/polish-language-course-b1-b2\/"]}]},{"@type":"ImageObject","inLanguage":"en-US","@id":"https:\/\/laut.com.pl\/en\/for-a-foreigner\/polish-language-course-b1-b2\/#primaryimage","url":"https:\/\/laut.com.pl\/wp-content\/uploads\/2025\/10\/fav-icon-laut.jpg","contentUrl":"https:\/\/laut.com.pl\/wp-content\/uploads\/2025\/10\/fav-icon-laut.jpg","width":500,"height":500,"caption":"xr:d:DAF9oW2T0rM:14,j:5993584816389348864,t:24022318"},{"@type":"BreadcrumbList","@id":"https:\/\/laut.com.pl\/en\/for-a-foreigner\/polish-language-course-b1-b2\/#breadcrumb","itemListElement":[{"@type":"ListItem","position":1,"name":"Strona g\u0142\u00f3wna","item":"https:\/\/laut.com.pl\/en\/"},{"@type":"ListItem","position":2,"name":"For a foreigner","item":"https:\/\/laut.com.pl\/en\/dla-cudzoziemca\/"},{"@type":"ListItem","position":3,"name":"Polish language course"}]},{"@type":"WebSite","@id":"https:\/\/laut.com.pl\/en\/#website","url":"https:\/\/laut.com.pl\/en\/","name":"Laut","description":"","publisher":{"@id":"https:\/\/laut.com.pl\/en\/#organization"},"potentialAction":[{"@type":"SearchAction","target":{"@type":"EntryPoint","urlTemplate":"https:\/\/laut.com.pl\/en\/?s={search_term_string}"},"query-input":{"@type":"PropertyValueSpecification","valueRequired":true,"valueName":"search_term_string"}}],"inLanguage":"en-US"},{"@type":"Organization","@id":"https:\/\/laut.com.pl\/en\/#organization","name":"Foreigner","url":"https:\/\/laut.com.pl\/en\/","logo":{"@type":"ImageObject","inLanguage":"en-US","@id":"https:\/\/laut.com.pl\/en\/#\/schema\/logo\/image\/","url":"https:\/\/laut.com.pl\/wp-content\/uploads\/2025\/07\/logo-laut-przyciete.jpg","contentUrl":"https:\/\/laut.com.pl\/wp-content\/uploads\/2025\/07\/logo-laut-przyciete.jpg","width":629,"height":268,"caption":"Foreigner"},"image":{"@id":"https:\/\/laut.com.pl\/en\/#\/schema\/logo\/image\/"}}]}},"_links":{"self":[{"href":"https:\/\/laut.com.pl\/en\/wp-json\/wp\/v2\/pages\/6117","targetHints":{"allow":["GET"]}}],"collection":[{"href":"https:\/\/laut.com.pl\/en\/wp-json\/wp\/v2\/pages"}],"about":[{"href":"https:\/\/laut.com.pl\/en\/wp-json\/wp\/v2\/types\/page"}],"author":[{"embeddable":true,"href":"https:\/\/laut.com.pl\/en\/wp-json\/wp\/v2\/users\/1"}],"replies":[{"embeddable":true,"href":"https:\/\/laut.com.pl\/en\/wp-json\/wp\/v2\/comments?post=6117"}],"version-history":[{"count":20,"href":"https:\/\/laut.com.pl\/en\/wp-json\/wp\/v2\/pages\/6117\/revisions"}],"predecessor-version":[{"id":8536,"href":"https:\/\/laut.com.pl\/en\/wp-json\/wp\/v2\/pages\/6117\/revisions\/8536"}],"up":[{"embeddable":true,"href":"https:\/\/laut.com.pl\/en\/wp-json\/wp\/v2\/pages\/3787"}],"wp:featuredmedia":[{"embeddable":true,"href":"https:\/\/laut.com.pl\/en\/wp-json\/wp\/v2\/media\/8840"}],"wp:attachment":[{"href":"https:\/\/laut.com.pl\/en\/wp-json\/wp\/v2\/media?parent=6117"}],"wp:term":[{"taxonomy":"category","embeddable":true,"href":"https:\/\/laut.com.pl\/en\/wp-json\/wp\/v2\/categories?post=6117"},{"taxonomy":"post_tag","embeddable":true,"href":"https:\/\/laut.com.pl\/en\/wp-json\/wp\/v2\/tags?post=6117"}],"curies":[{"name":"wp","href":"https:\/\/api.w.org\/{rel}","templated":true}]}}